{"id":612,"date":"2024-01-09T01:43:55","date_gmt":"2024-01-09T00:43:55","guid":{"rendered":"http:\/\/psychedelsi.org\/?page_id=612"},"modified":"2026-03-09T11:21:39","modified_gmt":"2026-03-09T10:21:39","slug":"start-2-page","status":"publish","type":"page","link":"https:\/\/psychedelsi.org\/de\/","title":{"rendered":""},"content":{"rendered":"<div data-elementor-type=\"wp-page\" data-elementor-id=\"612\" class=\"elementor elementor-612\">\n\t\t\t\t<div class=\"elementor-element elementor-element-27da2d5 e-flex e-con-boxed e-con e-parent\" data-id=\"27da2d5\" data-element_type=\"container\" data-e-type=\"container\">\n\t\t\t\t\t<div class=\"e-con-inner\">\n\t\t\t\t<div class=\"elementor-element elementor-element-c4d88e9 elementor-widget__width-inherit elementor-widget elementor-widget-image\" data-id=\"c4d88e9\" data-element_type=\"widget\" data-e-type=\"widget\" data-widget_type=\"image.default\">\n\t\t\t\t<div class=\"elementor-widget-container\">\n\t\t\t\t\t\t\t\t\t\t\t\t\t\t\t<img decoding=\"async\" width=\"300\" height=\"115\" src=\"https:\/\/psychedelsi.org\/wp-content\/uploads\/2023\/11\/cropped-PsychedELSI-LOGO-FINAL-transparent-1-2-300x115.png\" class=\"attachment-medium size-medium wp-image-557\" alt=\"\" srcset=\"https:\/\/psychedelsi.org\/wp-content\/uploads\/2023\/11\/cropped-PsychedELSI-LOGO-FINAL-transparent-1-2-300x115.png 300w, https:\/\/psychedelsi.org\/wp-content\/uploads\/2023\/11\/cropped-PsychedELSI-LOGO-FINAL-transparent-1-2-1024x393.png 1024w, https:\/\/psychedelsi.org\/wp-content\/uploads\/2023\/11\/cropped-PsychedELSI-LOGO-FINAL-transparent-1-2-768x295.png 768w, https:\/\/psychedelsi.org\/wp-content\/uploads\/2023\/11\/cropped-PsychedELSI-LOGO-FINAL-transparent-1-2-18x7.png 18w, https:\/\/psychedelsi.org\/wp-content\/uploads\/2023\/11\/cropped-PsychedELSI-LOGO-FINAL-transparent-1-2.png 1279w\" sizes=\"(max-width: 300px) 100vw, 300px\" \/>\t\t\t\t\t\t\t\t\t\t\t\t\t\t\t<\/div>\n\t\t\t\t<\/div>\n\t\t\t\t\t<\/div>\n\t\t\t\t<\/div>\n\t\t<div class=\"elementor-element elementor-element-7eb3a31a e-flex e-con-boxed e-con e-parent\" data-id=\"7eb3a31a\" data-element_type=\"container\" data-e-type=\"container\">\n\t\t\t\t\t<div class=\"e-con-inner\">\n\t\t\t\t<div class=\"elementor-element elementor-element-1b63f228 elementor-widget elementor-widget-text-editor\" data-id=\"1b63f228\" data-element_type=\"widget\" data-e-type=\"widget\" data-widget_type=\"text-editor.default\">\n\t\t\t\t<div class=\"elementor-widget-container\">\n\t\t\t\t\t\t\t\t\t<h2 style=\"text-align: center;\"><span style=\"color: #333333;\">Ethische, rechtliche und soziale Aspekte der psychedelischen Renaissance<\/span><\/h2>\n<hr \/>\n<h6>\u00a0<\/h6>\n<h6 class=\"translation-block\"><span style=\"color: #333333\">Wir sind ein Forschungsprojekt mit Beteiligten aus <b>Psychiatrie, Philosophie, Recht, Ethik, Anthropologie und Sozialwissenschaften <\/b>, das die Implikationen der R\u00fcckkehr von Psychedelika in die Medizin untersucht. Das Forschungsprojekt <b>PsychedELSI<\/b> wird an der Charit\u00e9 \u2013 Universit\u00e4tsmedizin Berlin koordiniert und durch das Bundesministerium f\u00fcr Bildung und Forschung (BMBF) von 2023 bis 2026 gef\u00f6rdert.\nWir werden aktuelle Informationen \u00fcber unsere Forschung auf dieser Website teilen. Bitte haben Sie Verst\u00e4ndnis daf\u00fcr, dass wir Ihnen keine medizinischen Informationen oder Zugang zu psychedelischen Behandlungen gew\u00e4hren k\u00f6nnen.<\/h6>\n<h6><span style=\"color: #333333;\">Wir werden aktuelle Informationen \u00fcber unsere Forschung auf dieser Website teilen. Bitte haben Sie Verst\u00e4ndnis daf\u00fcr, dass wir Ihnen keine medizinischen Informationen oder Zugang zu psychedelischen Behandlungen gew\u00e4hren k\u00f6nnen.<\/span><\/h6>\n<p><!-- \/wp:paragraph --><\/p>\n<p>\u00a0<\/p>\t\t\t\t\t\t\t\t<\/div>\n\t\t\t\t<\/div>\n\t\t\t\t\t<\/div>\n\t\t\t\t<\/div>\n\t\t<div class=\"elementor-element elementor-element-32dff52 e-flex e-con-boxed e-con e-parent\" data-id=\"32dff52\" data-element_type=\"container\" data-e-type=\"container\">\n\t\t\t\t\t<div class=\"e-con-inner\">\n\t\t<div class=\"elementor-element elementor-element-6365c78 e-con-full e-flex e-con e-child\" data-id=\"6365c78\" data-element_type=\"container\" data-e-type=\"container\">\n\t\t\t\t<div class=\"elementor-element elementor-element-3828702 elementor-widget elementor-widget-image\" data-id=\"3828702\" data-element_type=\"widget\" data-e-type=\"widget\" data-widget_type=\"image.default\">\n\t\t\t\t<div class=\"elementor-widget-container\">\n\t\t\t\t\t\t\t\t\t\t\t\t\t\t\t<img fetchpriority=\"high\" decoding=\"async\" width=\"193\" height=\"300\" src=\"https:\/\/psychedelsi.org\/wp-content\/uploads\/2024\/01\/idea-brain-thinking-5393862-193x300.png\" class=\"attachment-medium size-medium wp-image-791\" alt=\"idea, brain, thinking-5393862.jpg\" srcset=\"https:\/\/psychedelsi.org\/wp-content\/uploads\/2024\/01\/idea-brain-thinking-5393862-193x300.png 193w, https:\/\/psychedelsi.org\/wp-content\/uploads\/2024\/01\/idea-brain-thinking-5393862-660x1024.png 660w, https:\/\/psychedelsi.org\/wp-content\/uploads\/2024\/01\/idea-brain-thinking-5393862-768x1192.png 768w, https:\/\/psychedelsi.org\/wp-content\/uploads\/2024\/01\/idea-brain-thinking-5393862-8x12.png 8w, https:\/\/psychedelsi.org\/wp-content\/uploads\/2024\/01\/idea-brain-thinking-5393862.png 825w\" sizes=\"(max-width: 193px) 100vw, 193px\" \/>\t\t\t\t\t\t\t\t\t\t\t\t\t\t\t<\/div>\n\t\t\t\t<\/div>\n\t\t\t\t<\/div>\n\t\t<div class=\"elementor-element elementor-element-5a05ba2 e-con-full e-flex e-con e-child\" data-id=\"5a05ba2\" data-element_type=\"container\" data-e-type=\"container\">\n\t\t\t\t<div class=\"elementor-element elementor-element-386593c elementor-widget elementor-widget-text-editor\" data-id=\"386593c\" data-element_type=\"widget\" data-e-type=\"widget\" data-widget_type=\"text-editor.default\">\n\t\t\t\t<div class=\"elementor-widget-container\">\n\t\t\t\t\t\t\t\t\t<h2 class=\"translation-block\"><strong><span style=\"color: #333333\">Neues<\/span><\/strong><strong><span style=\"color: #333333\"> aus dem Projekt<\/span><\/strong><\/h2><div><p><strong><span style=\"color: #333333;\">New publications:<\/span><\/strong><\/p><p><span style=\"font-size: 9.96pt; font-style: inherit; background-color: transparent; font-family: Arial, sans-serif; white-space-collapse: preserve; font-variant-numeric: normal; font-variant-east-asian: normal; font-variant-alternates: normal; font-variant-position: normal; font-variant-emoji: normal; vertical-align: baseline;\">Bublitz, J. C. (2025). <\/span><span style=\"font-size: 9.96pt; font-style: inherit; font-weight: inherit; background-color: transparent; font-family: Arial, sans-serif; white-space-collapse: preserve; font-variant-numeric: normal; font-variant-east-asian: normal; font-variant-alternates: normal; font-variant-position: normal; font-variant-emoji: normal; vertical-align: baseline;\">How to Change Minds Ethically: Doxastic Vulnerability, Epistemic Harm Reduction, and the Role of Therapists in Psychedelic Therapy. <\/span><span style=\"font-size: 9.96pt; font-weight: inherit; background-color: transparent; font-family: Arial, sans-serif; white-space-collapse: preserve; font-style: italic; font-variant-numeric: normal; font-variant-east-asian: normal; font-variant-alternates: normal; font-variant-position: normal; font-variant-emoji: normal; vertical-align: baseline;\">Journal of Applied Philosophy<\/span><span style=\"font-size: 9.96pt; font-style: inherit; font-weight: inherit; background-color: transparent; font-family: Arial, sans-serif; white-space-collapse: preserve; font-variant-numeric: normal; font-variant-east-asian: normal; font-variant-alternates: normal; font-variant-position: normal; font-variant-emoji: normal; vertical-align: baseline;\">.<\/span><\/p><p><span style=\"font-size: 9.96pt; font-style: inherit; font-weight: inherit; background-color: transparent; font-family: Arial, sans-serif; white-space-collapse: preserve; font-variant-numeric: normal; font-variant-east-asian: normal; font-variant-alternates: normal; font-variant-position: normal; font-variant-emoji: normal; vertical-align: baseline;\"><span id=\"docs-internal-guid-35dfc671-7fff-768a-acd0-e0dfa3ae1720\"><span style=\"font-size: 10pt; background-color: transparent; font-variant-numeric: normal; font-variant-east-asian: normal; font-variant-alternates: normal; font-variant-position: normal; font-variant-emoji: normal; vertical-align: baseline;\">Caporuscio, C., Poppe, C., Gieselmann, A., &amp; Repantis, D. (2025). Ethical issues with psychedelic-assisted treatments in psychiatry: A systematic scoping review. Psychological medicine, 55, e284. <\/span><a style=\"text-decoration-line: none;\" href=\"https:\/\/doi.org\/10.1017\/S0033291725101761\"><span style=\"font-size: 10pt; color: #1155cc; background-color: transparent; font-variant-numeric: normal; font-variant-east-asian: normal; font-variant-alternates: normal; font-variant-position: normal; font-variant-emoji: normal; text-decoration-line: underline; text-decoration-skip-ink: none; vertical-align: baseline;\">https:\/\/doi.org\/10.1017\/S0033291725101761<\/span><\/a> <\/span><\/span><\/p><p><span style=\"font-size: 9.96pt; font-family: Arial, sans-serif; background-color: transparent; font-variant-numeric: normal; font-variant-east-asian: normal; font-variant-alternates: normal; font-variant-position: normal; font-variant-emoji: normal; vertical-align: baseline; white-space-collapse: preserve;\">Bublitz, J.C. (2026). <\/span><span style=\"font-size: 9.96pt; font-family: Arial, sans-serif; background-color: transparent; font-variant-numeric: normal; font-variant-east-asian: normal; font-variant-alternates: normal; font-variant-position: normal; font-variant-emoji: normal; vertical-align: baseline; white-space-collapse: preserve;\">Cognitive Liberty: A Brief History. In: Bublitz, J.C., Blitz, M.J. (eds) The Law and Ethics of Freedom of Thought, Volume 2. Palgrave Studies in Law, Neuroscience, and Human Behavior. https:\/\/doi.org\/10.1007\/978-3-031-91466-9_2<\/span><strong><span style=\"color: #333333;\">\u00a0<\/span><\/strong><\/p><\/div>\t\t\t\t\t\t\t\t<\/div>\n\t\t\t\t<\/div>\n\t\t\t\t<\/div>\n\t\t\t\t\t<\/div>\n\t\t\t\t<\/div>\n\t\t<div class=\"elementor-element elementor-element-e558e4f e-flex e-con-boxed e-con e-parent\" data-id=\"e558e4f\" data-element_type=\"container\" data-e-type=\"container\">\n\t\t\t\t\t<div class=\"e-con-inner\">\n\t\t\t\t<div class=\"elementor-element elementor-element-7d7821d elementor-widget elementor-widget-image\" data-id=\"7d7821d\" data-element_type=\"widget\" data-e-type=\"widget\" data-widget_type=\"image.default\">\n\t\t\t\t<div class=\"elementor-widget-container\">\n\t\t\t\t\t\t\t\t\t\t\t\t\t\t\t<img decoding=\"async\" width=\"973\" height=\"460\" src=\"https:\/\/psychedelsi.org\/wp-content\/uploads\/2024\/01\/370084_A-picture-of-a-psychotherapeutic-session-with-a-co_xl-1024-v1-0-e1704827715496.png\" class=\"attachment-large size-large wp-image-654\" alt=\"\" srcset=\"https:\/\/psychedelsi.org\/wp-content\/uploads\/2024\/01\/370084_A-picture-of-a-psychotherapeutic-session-with-a-co_xl-1024-v1-0-e1704827715496.png 1024w, https:\/\/psychedelsi.org\/wp-content\/uploads\/2024\/01\/370084_A-picture-of-a-psychotherapeutic-session-with-a-co_xl-1024-v1-0-e1704827715496-300x142.png 300w, https:\/\/psychedelsi.org\/wp-content\/uploads\/2024\/01\/370084_A-picture-of-a-psychotherapeutic-session-with-a-co_xl-1024-v1-0-e1704827715496-768x363.png 768w, https:\/\/psychedelsi.org\/wp-content\/uploads\/2024\/01\/370084_A-picture-of-a-psychotherapeutic-session-with-a-co_xl-1024-v1-0-e1704827715496-18x9.png 18w\" sizes=\"(max-width: 973px) 100vw, 973px\" \/>\t\t\t\t\t\t\t\t\t\t\t\t\t\t\t<\/div>\n\t\t\t\t<\/div>\n\t\t\t\t\t<\/div>\n\t\t\t\t<\/div>\n\t\t<div class=\"elementor-element elementor-element-04d2711 e-flex e-con-boxed e-con e-parent\" data-id=\"04d2711\" data-element_type=\"container\" data-e-type=\"container\">\n\t\t\t\t\t<div class=\"e-con-inner\">\n\t\t\t\t<div class=\"elementor-element elementor-element-badb2f4 elementor-widget__width-inherit elementor-widget elementor-widget-image\" data-id=\"badb2f4\" data-element_type=\"widget\" data-e-type=\"widget\" data-widget_type=\"image.default\">\n\t\t\t\t<div class=\"elementor-widget-container\">\n\t\t\t\t\t\t\t\t\t\t\t\t\t\t\t<img loading=\"lazy\" decoding=\"async\" width=\"196\" height=\"150\" src=\"https:\/\/psychedelsi.org\/wp-content\/uploads\/2023\/11\/BMBF_RGB_Gef_L_e.jpg\" class=\"attachment-large size-large wp-image-121\" alt=\"\" \/>\t\t\t\t\t\t\t\t\t\t\t\t\t\t\t<\/div>\n\t\t\t\t<\/div>\n\t\t\t\t\t<\/div>\n\t\t\t\t<\/div>\n\t\t\t\t<\/div>","protected":false},"excerpt":{"rendered":"<p>Ethical, Legal and Social Aspects of the Psychedelic Renaissance \u00a0 We are a group of researchers with expertise in psychiatry, philosophy, law, ethics, anthropology, and the social sciences that explores the implications of the return of psychedelics into medicine. Our research project, called PsychedELSI, is coordinated at the Charit\u00e9 \u2013 Universit\u00e4tsmedizin Berlin and funded by [&hellip;]<\/p>\n","protected":false},"author":1,"featured_media":0,"parent":0,"menu_order":0,"comment_status":"closed","ping_status":"closed","template":"","meta":{"_uag_custom_page_level_css":"","site-sidebar-layout":"default","site-content-layout":"","ast-site-content-layout":"default","site-content-style":"default","site-sidebar-style":"default","ast-global-header-display":"","ast-banner-title-visibility":"","ast-main-header-display":"","ast-hfb-above-header-display":"","ast-hfb-below-header-display":"","ast-hfb-mobile-header-display":"","site-post-title":"","ast-breadcrumbs-content":"","ast-featured-img":"","footer-sml-layout":"","theme-transparent-header-meta":"","adv-header-id-meta":"","stick-header-meta":"","header-above-stick-meta":"","header-main-stick-meta":"","header-below-stick-meta":"","astra-migrate-meta-layouts":"set","ast-page-background-enabled":"default","ast-page-background-meta":{"desktop":{"background-color":"var(--ast-global-color-4)","background-image":"","background-repeat":"repeat","background-position":"center center","background-size":"auto","background-attachment":"scroll","background-type":"","background-media":"","overlay-type":"","overlay-color":"","overlay-gradient":""},"tablet":{"background-color":"","background-image":"","background-repeat":"repeat","background-position":"center center","background-size":"auto","background-attachment":"scroll","background-type":"","background-media":"","overlay-type":"","overlay-color":"","overlay-gradient":""},"mobile":{"background-color":"","background-image":"","background-repeat":"repeat","background-position":"center center","background-size":"auto","background-attachment":"scroll","background-type":"","background-media":"","overlay-type":"","overlay-color":"","overlay-gradient":""}},"ast-content-background-meta":{"desktop":{"background-color":"var(--ast-global-color-5)","background-image":"","background-repeat":"repeat","background-position":"center center","background-size":"auto","background-attachment":"scroll","background-type":"","background-media":"","overlay-type":"","overlay-color":"","overlay-gradient":""},"tablet":{"background-color":"var(--ast-global-color-5)","background-image":"","background-repeat":"repeat","background-position":"center center","background-size":"auto","background-attachment":"scroll","background-type":"","background-media":"","overlay-type":"","overlay-color":"","overlay-gradient":""},"mobile":{"background-color":"var(--ast-global-color-5)","background-image":"","background-repeat":"repeat","background-position":"center center","background-size":"auto","background-attachment":"scroll","background-type":"","background-media":"","overlay-type":"","overlay-color":"","overlay-gradient":""}},"footnotes":""},"class_list":["post-612","page","type-page","status-publish","hentry"],"aioseo_notices":[],"uagb_featured_image_src":{"full":false,"thumbnail":false,"medium":false,"medium_large":false,"large":false,"1536x1536":false,"2048x2048":false,"trp-custom-language-flag":false},"uagb_author_info":{"display_name":"Hallucinate123","author_link":"https:\/\/psychedelsi.org\/de\/author\/hallucinate123\/"},"uagb_comment_info":0,"uagb_excerpt":"Ethical, Legal and Social Aspects of the Psychedelic Renaissance \u00a0 We are a group of researchers with expertise in psychiatry, philosophy, law, ethics, anthropology, and the social sciences that explores the implications of the return of psychedelics into medicine. Our research project, called PsychedELSI, is coordinated at the Charit\u00e9 \u2013 Universit\u00e4tsmedizin Berlin and funded by&hellip;","_links":{"self":[{"href":"https:\/\/psychedelsi.org\/de\/wp-json\/wp\/v2\/pages\/612","targetHints":{"allow":["GET"]}}],"collection":[{"href":"https:\/\/psychedelsi.org\/de\/wp-json\/wp\/v2\/pages"}],"about":[{"href":"https:\/\/psychedelsi.org\/de\/wp-json\/wp\/v2\/types\/page"}],"author":[{"embeddable":true,"href":"https:\/\/psychedelsi.org\/de\/wp-json\/wp\/v2\/users\/1"}],"replies":[{"embeddable":true,"href":"https:\/\/psychedelsi.org\/de\/wp-json\/wp\/v2\/comments?post=612"}],"version-history":[{"count":10,"href":"https:\/\/psychedelsi.org\/de\/wp-json\/wp\/v2\/pages\/612\/revisions"}],"predecessor-version":[{"id":1351,"href":"https:\/\/psychedelsi.org\/de\/wp-json\/wp\/v2\/pages\/612\/revisions\/1351"}],"wp:attachment":[{"href":"https:\/\/psychedelsi.org\/de\/wp-json\/wp\/v2\/media?parent=612"}],"curies":[{"name":"wp","href":"https:\/\/api.w.org\/{rel}","templated":true}]}}