{"id":698,"date":"2024-01-09T14:55:34","date_gmt":"2024-01-09T13:55:34","guid":{"rendered":"http:\/\/psychedelsi.org\/?page_id=698"},"modified":"2024-04-25T17:00:41","modified_gmt":"2024-04-25T15:00:41","slug":"about-the-project","status":"publish","type":"page","link":"https:\/\/psychedelsi.org\/de\/about-the-project\/","title":{"rendered":"Das Projekt"},"content":{"rendered":"<div data-elementor-type=\"wp-page\" data-elementor-id=\"698\" class=\"elementor elementor-698\">\n\t\t\t\t<div class=\"elementor-element elementor-element-798d1ea e-flex e-con-boxed e-con e-parent\" data-id=\"798d1ea\" data-element_type=\"container\" data-e-type=\"container\">\n\t\t\t\t\t<div class=\"e-con-inner\">\n\t\t\t\t<div class=\"elementor-element elementor-element-1f377ba elementor-widget-divider--view-line elementor-widget elementor-widget-divider\" data-id=\"1f377ba\" data-element_type=\"widget\" data-e-type=\"widget\" data-widget_type=\"divider.default\">\n\t\t\t\t<div class=\"elementor-widget-container\">\n\t\t\t\t\t\t\t<div class=\"elementor-divider\">\n\t\t\t<span class=\"elementor-divider-separator\">\n\t\t\t\t\t\t<\/span>\n\t\t<\/div>\n\t\t\t\t\t\t<\/div>\n\t\t\t\t<\/div>\n\t\t\t\t\t<\/div>\n\t\t\t\t<\/div>\n\t\t<div class=\"elementor-element elementor-element-c62b197 e-flex e-con-boxed e-con e-parent\" data-id=\"c62b197\" data-element_type=\"container\" data-e-type=\"container\">\n\t\t\t\t\t<div class=\"e-con-inner\">\n\t\t\t\t<div class=\"elementor-element elementor-element-739c3f2a elementor-widget elementor-widget-text-editor\" data-id=\"739c3f2a\" data-element_type=\"widget\" data-e-type=\"widget\" data-widget_type=\"text-editor.default\">\n\t\t\t\t<div class=\"elementor-widget-container\">\n\t\t\t\t\t\t\t\t\t<p class=\"translation-block\"><span style=\"color: #333333\">Das Projekt PsychedELSI befasst sich mit ethischen, rechtlichen und gesellschaftlichen Herausforderungen, die sich aus der psychedelisch unterst\u00fctzten Psychotherapie ergeben, und begleitet die laufende Forschung kritisch. <b>Das \u00fcbergeordnete Ziel besteht darin, die Auswirkungen der psychedelischen Renaissance f\u00fcr Patient:innen, Therapeut:innen und andere Fachpersonen, politische Entscheidungstragende und die Gesellschaft zu kl\u00e4ren und zu bewerten. <\/b> Ziel ist es, die wissenschaftliche Grundlage f\u00fcr empirisch fundierte Entscheidungen \u00fcber die bevorstehende Neuklassifizierung dieser Substanzen und weitere regulatorische und politische Fragen zu schaffen und wichtige Aspekte in der aktuellen Translationsphase psychedelischer Interventionen festzustellen. Zu diesem Zweck b\u00fcndelt das Projekt Expertise aus folgenden Bereichen:<\/span><\/p><ol><li aria-level=\"1\"><span style=\"color: #333333;\"><strong>Psychiatrie und Psychotherapie<\/strong> (Dr. med. Dimitris Repantis; Dr. Chiara Caporuscio; Dr. med. Astrid Gieselmann; Dr. sc. med. Christopher Poppe, Charit\u00e9 Berlin)<br \/><\/span> <br \/><span style=\"color: #333333;\"><span style=\"color: #333333;\">Der Einsatz von Psychedelika im therapeutischen Umfeld wirft mehrere Fragen auf<b> Ethik psychedelischer Therapien,\u00a0<\/b>zum Beispiel aufgrund der Vulnerabilit\u00e4t der Patienten w\u00e4hrend der Erfahrung und Machtungleichgewichten zwischen Therapeuten und Patienten. Dar\u00fcber hinaus m\u00fcssen die Bedingungen der Einwilligung nach Aufkl\u00e4rung f\u00fcr m\u00f6glicherweise glaubens- und pers\u00f6nlichkeitsver\u00e4ndernde Interventionen und die Vorbereitung der Patienten auf eine Erfahrung gekl\u00e4rt werden, die viele als eine der bedeutungsvollsten Erfahrungen ihres Lebens betrachten. Auch, <\/span><\/span><span style=\"color: #333333;\"><span style=\"color: #333333;\"><span style=\"color: #333333;\">Risiken und Nutzen k\u00f6nnen zwischen verschiedenen Behandlungsmethoden unterschiedlich sein und die therapeutische Beziehung zwischen Patienten und Therapeuten kann sich \u00e4ndern.<\/span><\/span><\/span><p>\u00a0<\/p><\/li><li aria-level=\"1\"><span style=\"color: #333333;\"><strong>Anthropologie (<\/strong><a style=\"color: #333333;\" href=\"http:\/\/www.nicolaslanglitz.de\/\">Prof. Dr. Nicolas Langlitz<\/a>, The New School\/RWTH Aachen University)<\/span> <br \/><span style=\"color: #333333;\"><span style=\"color: #333333;\"><span style=\"color: #333333;\"><br \/>Die Arbeit von Prof. Langlitz geht von einem aus <b>Ethnografische Beschreibung und Analyse der Praxis der psychedelisch unterst\u00fctzten Psychotherapie<\/b> als Grundlage f\u00fcr dessen ethische und erkenntnistheoretische Bewertung sowie Regulierung. Bisher basierten wissenschaftliche Ver\u00f6ffentlichungen, die den Regulierungsprozess beeinflussen, auf randomisierten, placebokontrollierten Studien, in denen die Wirkung von psychedelischen Drogen untersucht wurde, nicht auf der Grundlage von Studien <i>\u00fcben<\/i> der psychedelischen Psychotherapie als Ganzes. Unsere Analyse konzentriert sich auf diese Praxis, die therapeutische Beziehung und die Werte und Normen, die derzeit die Forschung leiten.<\/span><\/span><\/span><p>\u00a0<\/p><\/li><li aria-level=\"1\"><span style=\"color: #333333;\"><strong>Philosophie <\/strong>(Dr. <a style=\"color: #333333;\" href=\"https:\/\/www.phi.ovgu.de\/Personen\/Fink.html\">Sascha Benjamin Fink;<\/a>\u00a0Dr. Chiara Caporuscio, FAU Erlangen)<br \/><\/span><br \/><span style=\"color: #333333;\"><span style=\"color: #333333;\"><span style=\"color: #333333;\">Psychedelika werfen interessante philosophische Fragen auf. Beispielsweise erfordert die Beurteilung einer psychedelischen Therapie eine Analyse der <b>epistemischer Status psychedelisch induzierter Erfahrungen<\/b>: Sind es blo\u00dfe Halluzinationen oder f\u00fchren sie zu echten Erkenntnissen? W\u00e4ren solche Eingriffe in ihre Glaubenssysteme ethisch vertretbar, wenn die pharmakologische Induktion mystischer Erfahrungen zu beruhigenden Wahnvorstellungen f\u00fchren w\u00fcrde, die Patienten weniger \u00e4ngstlich oder deprimiert f\u00fchlen lie\u00dfen, indem sie ihre Ansichten \u00fcber die Realit\u00e4t verzerrten? Wie l\u00e4sst sich diese Art der Intervention mit der Art und Weise vergleichen, wie andere Psychopharmaka die Einstellung oder Pers\u00f6nlichkeit der Patienten ver\u00e4ndern?<\/span><\/span><\/span><p>\u00a0<\/p><\/li><li aria-level=\"1\"><span style=\"color: #333333;\"><strong>Sozialwissenschaften<\/strong> (<a style=\"color: #333333;\" title=\"\" href=\"http:\/\/thvoigt.com\">Univ.-Prof. Dr. Torsten H. Voigt<\/a>; MA Minsu Yoo, RWTH Aachen)<br \/><\/span> <br \/><span style=\"color: #333333;\"><span style=\"color: #333333;\"><span style=\"color: #333333;\">Die laufende Neubewertung der psychedelischen Therapie wird durch eine \u00fcberwiegend positive Berichterstattung in den Medien widergespiegelt. Angesichts der Tatsache, dass westliche Gesellschaften in ihrer Haltung gegen\u00fcber bewusstseinsver\u00e4ndernden Drogen immer freiz\u00fcgiger werden, werden wir eine durchf\u00fchren <b>Umfrage zur Einstellung gegen\u00fcber psychedelischen Drogen<\/b> und ihre Verwendung in der Psychotherapie, um Ver\u00e4nderungen in ihrer \u00f6ffentlichen Wahrnehmung besser zu verstehen <b>in Deutschland<\/b>.<\/span><\/span><\/span><p>\u00a0<\/p><\/li><li aria-level=\"1\"><span style=\"color: #333333;\"><span style=\"color: #333333;\"><strong>Gesetz<\/strong> <strong>&amp; Rechtsphilosophie<\/strong> (<a style=\"color: #333333;\" href=\"http:\/\/www.chrisbublitz.de\/\">Dr. iur. Jan Christoph Bublitz<\/a>, Universit\u00e4t Hamburg)<\/span><\/span><p>\u00a0<\/p><span style=\"color: #333333;\">Die psychedelische Renaissance wirft verschiedene ethische und regulatorische Fragen auf. Das Projekt analysiert rechtliche Aspekte auf verschiedenen Ebenen: internationale Drogenkontrollabkommen und Menschenrechtsgesetze, EU-Arzneimittelgesetze zur Marktzulassung, inl\u00e4ndisches Bet\u00e4ubungsmittel- und Arzneimittelrecht sowie Regeln und Vorschriften der medizinischen und therapeutischen Praxis. Aufbauend auf der Arbeit der verschiedenen Projektpartner m\u00f6chten wir politischen Entscheidungstr\u00e4gern Leitlinien f\u00fcr zuk\u00fcnftige Vorschriften f\u00fcr Psychedelika bieten. \u00a0 <\/span><\/li><\/ol><div>\u00a0<\/div>\t\t\t\t\t\t\t\t<\/div>\n\t\t\t\t<\/div>\n\t\t\t\t\t<\/div>\n\t\t\t\t<\/div>\n\t\t<div class=\"elementor-element elementor-element-88378a0 e-flex e-con-boxed e-con e-parent\" data-id=\"88378a0\" data-element_type=\"container\" data-e-type=\"container\">\n\t\t\t\t\t<div class=\"e-con-inner\">\n\t\t\t\t<div class=\"elementor-element elementor-element-426c991 elementor-widget elementor-widget-image\" data-id=\"426c991\" data-element_type=\"widget\" data-e-type=\"widget\" data-widget_type=\"image.default\">\n\t\t\t\t<div class=\"elementor-widget-container\">\n\t\t\t\t\t\t\t\t\t\t\t\t\t\t\t<img fetchpriority=\"high\" decoding=\"async\" width=\"973\" height=\"663\" src=\"https:\/\/psychedelsi.org\/wp-content\/uploads\/2024\/01\/Fig3.TIF-1024x698.jpg\" class=\"attachment-large size-large wp-image-814\" alt=\"\" srcset=\"https:\/\/psychedelsi.org\/wp-content\/uploads\/2024\/01\/Fig3.TIF-1024x698.jpg 1024w, https:\/\/psychedelsi.org\/wp-content\/uploads\/2024\/01\/Fig3.TIF-300x205.jpg 300w, https:\/\/psychedelsi.org\/wp-content\/uploads\/2024\/01\/Fig3.TIF-768x524.jpg 768w, https:\/\/psychedelsi.org\/wp-content\/uploads\/2024\/01\/Fig3.TIF-1536x1047.jpg 1536w, https:\/\/psychedelsi.org\/wp-content\/uploads\/2024\/01\/Fig3.TIF-2048x1396.jpg 2048w, https:\/\/psychedelsi.org\/wp-content\/uploads\/2024\/01\/Fig3.TIF-18x12.jpg 18w\" sizes=\"(max-width: 973px) 100vw, 973px\" \/>\t\t\t\t\t\t\t\t\t\t\t\t\t\t\t<\/div>\n\t\t\t\t<\/div>\n\t\t\t\t\t<\/div>\n\t\t\t\t<\/div>\n\t\t\t\t<\/div>","protected":false},"excerpt":{"rendered":"<p>The PsychedELSI project addresses ethical, legal, and societal challenges posed by psychedelic-assisted psychotherapy and critically accompanies ongoing research. Its overarching objective is to clarify and assess the implications of the psychedelic renaissance for patients, therapists and healthcare providers, policymakers, and society at large. It aims to provide the academic groundwork for empirically informed decisions about [&hellip;]<\/p>\n","protected":false},"author":1,"featured_media":0,"parent":0,"menu_order":1,"comment_status":"closed","ping_status":"closed","template":"","meta":{"_uag_custom_page_level_css":"","site-sidebar-layout":"default","site-content-layout":"","ast-site-content-layout":"default","site-content-style":"default","site-sidebar-style":"default","ast-global-header-display":"","ast-banner-title-visibility":"","ast-main-header-display":"","ast-hfb-above-header-display":"","ast-hfb-below-header-display":"","ast-hfb-mobile-header-display":"","site-post-title":"","ast-breadcrumbs-content":"","ast-featured-img":"","footer-sml-layout":"","theme-transparent-header-meta":"","adv-header-id-meta":"","stick-header-meta":"","header-above-stick-meta":"","header-main-stick-meta":"","header-below-stick-meta":"","astra-migrate-meta-layouts":"set","ast-page-background-enabled":"default","ast-page-background-meta":{"desktop":{"background-color":"var(--ast-global-color-4)","background-image":"","background-repeat":"repeat","background-position":"center center","background-size":"auto","background-attachment":"scroll","background-type":"","background-media":"","overlay-type":"","overlay-color":"","overlay-gradient":""},"tablet":{"background-color":"","background-image":"","background-repeat":"repeat","background-position":"center center","background-size":"auto","background-attachment":"scroll","background-type":"","background-media":"","overlay-type":"","overlay-color":"","overlay-gradient":""},"mobile":{"background-color":"","background-image":"","background-repeat":"repeat","background-position":"center center","background-size":"auto","background-attachment":"scroll","background-type":"","background-media":"","overlay-type":"","overlay-color":"","overlay-gradient":""}},"ast-content-background-meta":{"desktop":{"background-color":"var(--ast-global-color-5)","background-image":"","background-repeat":"repeat","background-position":"center center","background-size":"auto","background-attachment":"scroll","background-type":"","background-media":"","overlay-type":"","overlay-color":"","overlay-gradient":""},"tablet":{"background-color":"var(--ast-global-color-5)","background-image":"","background-repeat":"repeat","background-position":"center center","background-size":"auto","background-attachment":"scroll","background-type":"","background-media":"","overlay-type":"","overlay-color":"","overlay-gradient":""},"mobile":{"background-color":"var(--ast-global-color-5)","background-image":"","background-repeat":"repeat","background-position":"center center","background-size":"auto","background-attachment":"scroll","background-type":"","background-media":"","overlay-type":"","overlay-color":"","overlay-gradient":""}},"footnotes":""},"class_list":["post-698","page","type-page","status-publish","hentry"],"aioseo_notices":[],"uagb_featured_image_src":{"full":false,"thumbnail":false,"medium":false,"medium_large":false,"large":false,"1536x1536":false,"2048x2048":false,"trp-custom-language-flag":false},"uagb_author_info":{"display_name":"Hallucinate123","author_link":"https:\/\/psychedelsi.org\/de\/author\/hallucinate123\/"},"uagb_comment_info":0,"uagb_excerpt":"The PsychedELSI project addresses ethical, legal, and societal challenges posed by psychedelic-assisted psychotherapy and critically accompanies ongoing research. Its overarching objective is to clarify and assess the implications of the psychedelic renaissance for patients, therapists and healthcare providers, policymakers, and society at large. It aims to provide the academic groundwork for empirically informed decisions about&hellip;","_links":{"self":[{"href":"https:\/\/psychedelsi.org\/de\/wp-json\/wp\/v2\/pages\/698","targetHints":{"allow":["GET"]}}],"collection":[{"href":"https:\/\/psychedelsi.org\/de\/wp-json\/wp\/v2\/pages"}],"about":[{"href":"https:\/\/psychedelsi.org\/de\/wp-json\/wp\/v2\/types\/page"}],"author":[{"embeddable":true,"href":"https:\/\/psychedelsi.org\/de\/wp-json\/wp\/v2\/users\/1"}],"replies":[{"embeddable":true,"href":"https:\/\/psychedelsi.org\/de\/wp-json\/wp\/v2\/comments?post=698"}],"version-history":[{"count":10,"href":"https:\/\/psychedelsi.org\/de\/wp-json\/wp\/v2\/pages\/698\/revisions"}],"predecessor-version":[{"id":1184,"href":"https:\/\/psychedelsi.org\/de\/wp-json\/wp\/v2\/pages\/698\/revisions\/1184"}],"wp:attachment":[{"href":"https:\/\/psychedelsi.org\/de\/wp-json\/wp\/v2\/media?parent=698"}],"curies":[{"name":"wp","href":"https:\/\/api.w.org\/{rel}","templated":true}]}}